{"id":6922,"date":"2023-11-19T10:39:22","date_gmt":"2023-11-19T10:39:22","guid":{"rendered":"http:\/\/demo.wpzoom.com\/inspiro-lite-blocks-xml\/?page_id=6922"},"modified":"2024-11-20T21:09:25","modified_gmt":"2024-11-20T20:09:25","slug":"homepage","status":"publish","type":"page","link":"https:\/\/mmotion.si\/","title":{"rendered":"Domov"},"content":{"rendered":"\n<div class=\"wp-block-cover alignfull is-light\" style=\"min-height:100vh;aspect-ratio:unset;\"><span aria-hidden=\"true\" class=\"wp-block-cover__background has-background-dim-30 has-background-dim\" style=\"background-color:#bec1bc\"><\/span><img loading=\"lazy\" decoding=\"async\" width=\"2560\" height=\"1707\" class=\"wp-block-cover__image-background wp-image-6986\" alt=\"\" src=\"https:\/\/mmotion.si\/wp-content\/uploads\/2024\/11\/pexels-ahmetkurt-25596881-scaled.jpg\" data-object-fit=\"cover\" srcset=\"https:\/\/mmotion.si\/wp-content\/uploads\/2024\/11\/pexels-ahmetkurt-25596881-scaled.jpg 2560w, https:\/\/mmotion.si\/wp-content\/uploads\/2024\/11\/pexels-ahmetkurt-25596881-300x200.jpg 300w, https:\/\/mmotion.si\/wp-content\/uploads\/2024\/11\/pexels-ahmetkurt-25596881-1024x683.jpg 1024w, https:\/\/mmotion.si\/wp-content\/uploads\/2024\/11\/pexels-ahmetkurt-25596881-2000x1333.jpg 2000w, https:\/\/mmotion.si\/wp-content\/uploads\/2024\/11\/pexels-ahmetkurt-25596881-600x400.jpg 600w, https:\/\/mmotion.si\/wp-content\/uploads\/2024\/11\/pexels-ahmetkurt-25596881-1200x800.jpg 1200w\" sizes=\"auto, (max-width: 2560px) 100vw, 2560px\" \/><div class=\"wp-block-cover__inner-container has-global-padding is-layout-constrained wp-block-cover-is-layout-constrained\">\n<h1 class=\"wp-block-heading has-text-align-center has-white-color has-text-color has-max-72-font-size\"><strong>Fizioterapija na domu<\/strong><\/h1>\n\n\n\n<hr class=\"wp-block-separator has-text-color has-alpha-channel-opacity has-background is-style-default\" style=\"margin-top:var(--wp--preset--spacing--x-small);margin-bottom:var(--wp--preset--spacing--x-small);background-color:#ffffff47;color:#ffffff47\"\/>\n\n\n\n<div style=\"height:25px\" aria-hidden=\"true\" class=\"wp-block-spacer\"><\/div>\n\n\n\n<p class=\"has-text-align-center has-white-color has-text-color has-medium-font-size\">Zagotavljamo vam strokovno fizioterapevtsko obravnavo na obmo\u010dju Ljubljane z okolico.<\/p>\n<\/div><\/div>\n\n\n\n<div class=\"wp-block-group has-global-padding is-layout-constrained wp-container-core-group-is-layout-3a820303 wp-block-group-is-layout-constrained\" style=\"padding-right:var(--wp--preset--spacing--small);padding-left:var(--wp--preset--spacing--small)\">\n<div style=\"height:36px\" aria-hidden=\"true\" class=\"wp-block-spacer\"><\/div>\n\n\n\n<div style=\"height:24px\" aria-hidden=\"true\" class=\"wp-block-spacer\"><\/div>\n\n\n\n<p class=\"has-text-align-center\">Sem Manca Milar, diplomirana fizioterapevtka z izku\u0161njami na podro\u010dju nevrofizioterapije. Izvajam obravnave oseb po mo\u017eganski kapi, z diagnozo multiple skleroze, Parkinsonove bolezni in polinevropatije. Poleg tega se ukvarjam tudi z manualno terapijo, kot pomo\u010d pri bole\u010dinskih stanjih.<\/p>\n\n\n\n<div class=\"wp-block-buttons is-horizontal is-content-justification-center is-layout-flex wp-container-core-buttons-is-layout-03627597 wp-block-buttons-is-layout-flex\">\n<div class=\"wp-block-button has-custom-font-size is-style-outline has-small-font-size is-style-outline--1\" style=\"font-style:normal;font-weight:600\"><a class=\"wp-block-button__link wp-element-button\" href=\"https:\/\/mmotion.si\/index.php\/about\/\" style=\"border-radius:0px\">O MENI<\/a><\/div>\n<\/div>\n\n\n\n<div style=\"height:57px\" aria-hidden=\"true\" class=\"wp-block-spacer\"><\/div>\n<\/div>\n\n\n\n<div class=\"wp-block-group alignfull pattern_multiple_covers has-background has-global-padding is-layout-constrained wp-block-group-is-layout-constrained\" id=\"services\" style=\"background-color:#f8f8f8\">\n<div style=\"height:84px\" aria-hidden=\"true\" class=\"wp-block-spacer\"><\/div>\n\n\n\n<h2 class=\"wp-block-heading has-text-align-left\">STORITVE<\/h2>\n\n\n\n<div style=\"height:46px\" aria-hidden=\"true\" class=\"wp-block-spacer\"><\/div>\n\n\n\n<div class=\"wp-block-columns is-layout-flex wp-container-core-columns-is-layout-28f84493 wp-block-columns-is-layout-flex\">\n<div class=\"wp-block-column is-layout-flow wp-block-column-is-layout-flow\" style=\"padding-top:0;padding-right:0;padding-bottom:0;padding-left:0\">\n<div class=\"wp-block-cover has-custom-content-position is-position-bottom-left\" style=\"padding-top:var(--wp--preset--spacing--small);padding-right:var(--wp--preset--spacing--x-small);padding-bottom:var(--wp--preset--spacing--small);padding-left:var(--wp--preset--spacing--x-small)\"><span aria-hidden=\"true\" class=\"wp-block-cover__background has-primary-background-color has-background-dim-40 has-background-dim\"><\/span><img loading=\"lazy\" decoding=\"async\" width=\"2560\" height=\"1707\" class=\"wp-block-cover__image-background wp-image-6939\" alt=\"\" src=\"https:\/\/mmotion.si\/wp-content\/uploads\/2024\/11\/pexels-mikhail-nilov-6975786-scaled.jpg\" style=\"object-position:36% 55%\" data-object-fit=\"cover\" data-object-position=\"36% 55%\" srcset=\"https:\/\/mmotion.si\/wp-content\/uploads\/2024\/11\/pexels-mikhail-nilov-6975786-scaled.jpg 2560w, https:\/\/mmotion.si\/wp-content\/uploads\/2024\/11\/pexels-mikhail-nilov-6975786-300x200.jpg 300w, https:\/\/mmotion.si\/wp-content\/uploads\/2024\/11\/pexels-mikhail-nilov-6975786-1024x683.jpg 1024w, https:\/\/mmotion.si\/wp-content\/uploads\/2024\/11\/pexels-mikhail-nilov-6975786-2000x1333.jpg 2000w, https:\/\/mmotion.si\/wp-content\/uploads\/2024\/11\/pexels-mikhail-nilov-6975786-600x400.jpg 600w, https:\/\/mmotion.si\/wp-content\/uploads\/2024\/11\/pexels-mikhail-nilov-6975786-1200x800.jpg 1200w\" sizes=\"auto, (max-width: 2560px) 100vw, 2560px\" \/><div class=\"wp-block-cover__inner-container is-layout-flow wp-block-cover-is-layout-flow\">\n<h3 class=\"wp-block-heading has-text-align-center has-white-color has-text-color has-medium-font-size\" style=\"margin-top:0;margin-right:0;margin-bottom:0;margin-left:0\">Nevrofizioterapija<\/h3>\n<\/div><\/div>\n<\/div>\n\n\n\n<div class=\"wp-block-column is-layout-flow wp-block-column-is-layout-flow\" style=\"padding-top:0;padding-right:0;padding-bottom:0;padding-left:0\">\n<div class=\"wp-block-cover has-custom-content-position is-position-bottom-left\" style=\"padding-top:var(--wp--preset--spacing--small);padding-right:var(--wp--preset--spacing--x-small);padding-bottom:var(--wp--preset--spacing--small);padding-left:var(--wp--preset--spacing--x-small)\"><span aria-hidden=\"true\" class=\"wp-block-cover__background has-primary-background-color has-background-dim-40 has-background-dim\"><\/span><img loading=\"lazy\" decoding=\"async\" width=\"2560\" height=\"1707\" class=\"wp-block-cover__image-background wp-image-6940\" alt=\"\" src=\"https:\/\/mmotion.si\/wp-content\/uploads\/2024\/11\/pexels-yankrukov-5793899-scaled.jpg\" style=\"object-position:41% 45%\" data-object-fit=\"cover\" data-object-position=\"41% 45%\" srcset=\"https:\/\/mmotion.si\/wp-content\/uploads\/2024\/11\/pexels-yankrukov-5793899-scaled.jpg 2560w, https:\/\/mmotion.si\/wp-content\/uploads\/2024\/11\/pexels-yankrukov-5793899-300x200.jpg 300w, https:\/\/mmotion.si\/wp-content\/uploads\/2024\/11\/pexels-yankrukov-5793899-1024x683.jpg 1024w, https:\/\/mmotion.si\/wp-content\/uploads\/2024\/11\/pexels-yankrukov-5793899-2000x1333.jpg 2000w, https:\/\/mmotion.si\/wp-content\/uploads\/2024\/11\/pexels-yankrukov-5793899-600x400.jpg 600w, https:\/\/mmotion.si\/wp-content\/uploads\/2024\/11\/pexels-yankrukov-5793899-1200x800.jpg 1200w\" sizes=\"auto, (max-width: 2560px) 100vw, 2560px\" \/><div class=\"wp-block-cover__inner-container is-layout-flow wp-block-cover-is-layout-flow\">\n<h3 class=\"wp-block-heading has-text-align-center has-white-color has-text-color has-medium-font-size\" style=\"margin-top:0;margin-right:0;margin-bottom:0;margin-left:0\">Manualna terapija<\/h3>\n<\/div><\/div>\n<\/div>\n\n\n\n<div class=\"wp-block-column is-layout-flow wp-block-column-is-layout-flow\" style=\"padding-top:0;padding-right:0;padding-bottom:0;padding-left:0\">\n<div class=\"wp-block-cover has-custom-content-position is-position-bottom-left\" style=\"padding-top:var(--wp--preset--spacing--small);padding-right:var(--wp--preset--spacing--x-small);padding-bottom:var(--wp--preset--spacing--small);padding-left:var(--wp--preset--spacing--x-small)\"><span aria-hidden=\"true\" class=\"wp-block-cover__background has-primary-background-color has-background-dim-40 has-background-dim\"><\/span><img loading=\"lazy\" decoding=\"async\" width=\"2560\" height=\"1707\" class=\"wp-block-cover__image-background wp-image-6941\" alt=\"\" src=\"https:\/\/mmotion.si\/wp-content\/uploads\/2024\/11\/pexels-yankrukov-8436615-scaled.jpg\" style=\"object-position:11% 55%\" data-object-fit=\"cover\" data-object-position=\"11% 55%\" srcset=\"https:\/\/mmotion.si\/wp-content\/uploads\/2024\/11\/pexels-yankrukov-8436615-scaled.jpg 2560w, https:\/\/mmotion.si\/wp-content\/uploads\/2024\/11\/pexels-yankrukov-8436615-300x200.jpg 300w, https:\/\/mmotion.si\/wp-content\/uploads\/2024\/11\/pexels-yankrukov-8436615-1024x683.jpg 1024w, https:\/\/mmotion.si\/wp-content\/uploads\/2024\/11\/pexels-yankrukov-8436615-2000x1333.jpg 2000w, https:\/\/mmotion.si\/wp-content\/uploads\/2024\/11\/pexels-yankrukov-8436615-600x400.jpg 600w, https:\/\/mmotion.si\/wp-content\/uploads\/2024\/11\/pexels-yankrukov-8436615-1200x800.jpg 1200w\" sizes=\"auto, (max-width: 2560px) 100vw, 2560px\" \/><div class=\"wp-block-cover__inner-container is-layout-flow wp-block-cover-is-layout-flow\">\n<h3 class=\"wp-block-heading has-text-align-center has-white-color has-text-color has-medium-font-size\" style=\"margin-top:0;margin-right:0;margin-bottom:0;margin-left:0\">Fizioterapevtska vadba<\/h3>\n<\/div><\/div>\n<\/div>\n\n\n\n<div class=\"wp-block-column is-layout-flow wp-block-column-is-layout-flow\">\n<div class=\"wp-block-cover has-custom-content-position is-position-bottom-left\" style=\"padding-top:var(--wp--preset--spacing--small);padding-right:var(--wp--preset--spacing--x-small);padding-bottom:var(--wp--preset--spacing--small);padding-left:var(--wp--preset--spacing--x-small)\"><span aria-hidden=\"true\" class=\"wp-block-cover__background has-primary-background-color has-background-dim-40 has-background-dim\"><\/span><img loading=\"lazy\" decoding=\"async\" width=\"2560\" height=\"1707\" class=\"wp-block-cover__image-background wp-image-7028\" alt=\"\" src=\"https:\/\/mmotion.si\/wp-content\/uploads\/2024\/11\/pexels-karolina-grabowska-6629559-scaled.jpg\" style=\"object-position:45% 45%\" data-object-fit=\"cover\" data-object-position=\"45% 45%\" srcset=\"https:\/\/mmotion.si\/wp-content\/uploads\/2024\/11\/pexels-karolina-grabowska-6629559-scaled.jpg 2560w, https:\/\/mmotion.si\/wp-content\/uploads\/2024\/11\/pexels-karolina-grabowska-6629559-300x200.jpg 300w, https:\/\/mmotion.si\/wp-content\/uploads\/2024\/11\/pexels-karolina-grabowska-6629559-1024x683.jpg 1024w, https:\/\/mmotion.si\/wp-content\/uploads\/2024\/11\/pexels-karolina-grabowska-6629559-2000x1333.jpg 2000w\" sizes=\"auto, (max-width: 2560px) 100vw, 2560px\" \/><div class=\"wp-block-cover__inner-container is-layout-flow wp-block-cover-is-layout-flow\">\n<h3 class=\"wp-block-heading has-text-align-center has-white-color has-text-color has-medium-font-size\" style=\"margin-top:0;margin-right:0;margin-bottom:0;margin-left:0\">Dorn-Breuss terapija<\/h3>\n<\/div><\/div>\n<\/div>\n<\/div>\n\n\n\n<div style=\"height:103px\" aria-hidden=\"true\" class=\"wp-block-spacer\"><\/div>\n<\/div>\n\n\n\n<div class=\"wp-block-group alignfull has-global-padding is-layout-constrained wp-block-group-is-layout-constrained\">\n<div class=\"wp-block-group has-global-padding is-layout-constrained wp-block-group-is-layout-constrained\" style=\"padding-top:var(--wp--preset--spacing--small);padding-bottom:var(--wp--preset--spacing--small)\">\n<div style=\"height:30px\" aria-hidden=\"true\" class=\"wp-block-spacer\"><\/div>\n\n\n\n<div class=\"wp-block-columns is-layout-flex wp-container-core-columns-is-layout-c375d253 wp-block-columns-is-layout-flex\">\n<div class=\"wp-block-column is-vertically-aligned-center is-layout-flow wp-block-column-is-layout-flow\">\n<p>Spremljajte na\u0161e objave z uporabnimi informacijami o pogostih stanjih in te\u017eavah.<\/p>\n\n\n\n<div class=\"wp-block-buttons is-horizontal is-content-justification-left is-layout-flex wp-container-core-buttons-is-layout-20be11b6 wp-block-buttons-is-layout-flex\">\n<div class=\"wp-block-button is-style-outline is-style-outline--2\" style=\"font-style:normal;font-weight:600\"><a class=\"wp-block-button__link wp-element-button\" href=\"https:\/\/mmotion.si\/index.php\/blog\/\" style=\"border-radius:0px\">OBJAVE<\/a><\/div>\n<\/div>\n<\/div>\n\n\n\n<div class=\"wp-block-column is-layout-flow wp-block-column-is-layout-flow\">\n<figure class=\"wp-block-image size-large\"><img loading=\"lazy\" decoding=\"async\" width=\"1024\" height=\"683\" src=\"https:\/\/mmotion.si\/wp-content\/uploads\/2024\/11\/pexels-vlada-karpovich-4050347-1024x683.jpg\" alt=\"\" class=\"wp-image-6942\" srcset=\"https:\/\/mmotion.si\/wp-content\/uploads\/2024\/11\/pexels-vlada-karpovich-4050347-1024x683.jpg 1024w, https:\/\/mmotion.si\/wp-content\/uploads\/2024\/11\/pexels-vlada-karpovich-4050347-300x200.jpg 300w, https:\/\/mmotion.si\/wp-content\/uploads\/2024\/11\/pexels-vlada-karpovich-4050347-2000x1333.jpg 2000w, https:\/\/mmotion.si\/wp-content\/uploads\/2024\/11\/pexels-vlada-karpovich-4050347-600x400.jpg 600w, https:\/\/mmotion.si\/wp-content\/uploads\/2024\/11\/pexels-vlada-karpovich-4050347-1200x800.jpg 1200w\" sizes=\"auto, (max-width: 1024px) 100vw, 1024px\" \/><\/figure>\n<\/div>\n<\/div>\n\n\n\n<div style=\"height:30px\" aria-hidden=\"true\" class=\"wp-block-spacer\"><\/div>\n<\/div>\n<\/div>\n\n\n\n<div class=\"wp-block-group alignfull has-background has-global-padding is-layout-constrained wp-block-group-is-layout-constrained\" style=\"background-color:#f8f8f8\">\n<div class=\"wp-block-group has-global-padding is-layout-constrained wp-block-group-is-layout-constrained\" style=\"padding-top:var(--wp--preset--spacing--small);padding-bottom:var(--wp--preset--spacing--small)\">\n<div style=\"height:30px\" aria-hidden=\"true\" class=\"wp-block-spacer\"><\/div>\n\n\n\n<div class=\"wp-block-columns are-vertically-aligned-center is-layout-flex wp-container-core-columns-is-layout-c375d253 wp-block-columns-is-layout-flex\">\n<div class=\"wp-block-column is-vertically-aligned-center is-layout-flow wp-block-column-is-layout-flow\">\n<figure class=\"wp-block-image size-large\"><img loading=\"lazy\" decoding=\"async\" width=\"1024\" height=\"683\" src=\"https:\/\/mmotion.si\/wp-content\/uploads\/2024\/11\/pexels-karolina-grabowska-6032801-1024x683.jpg\" alt=\"\" class=\"wp-image-6943\" srcset=\"https:\/\/mmotion.si\/wp-content\/uploads\/2024\/11\/pexels-karolina-grabowska-6032801-1024x683.jpg 1024w, https:\/\/mmotion.si\/wp-content\/uploads\/2024\/11\/pexels-karolina-grabowska-6032801-300x200.jpg 300w, https:\/\/mmotion.si\/wp-content\/uploads\/2024\/11\/pexels-karolina-grabowska-6032801-2000x1333.jpg 2000w, https:\/\/mmotion.si\/wp-content\/uploads\/2024\/11\/pexels-karolina-grabowska-6032801-600x400.jpg 600w, https:\/\/mmotion.si\/wp-content\/uploads\/2024\/11\/pexels-karolina-grabowska-6032801-1200x800.jpg 1200w\" sizes=\"auto, (max-width: 1024px) 100vw, 1024px\" \/><\/figure>\n<\/div>\n\n\n\n<div class=\"wp-block-column is-vertically-aligned-center is-layout-flow wp-block-column-is-layout-flow\">\n<p>V okviru na\u0161ih storitev nudimo fleksibilen urnik terapij, ki ga v sodelovanju s pacienti prilagodimo njihovim individualnim potrebam in \u017eeljam.<\/p>\n\n\n\n<div class=\"wp-block-buttons is-layout-flex wp-block-buttons-is-layout-flex\">\n<div class=\"wp-block-button is-style-outline is-style-outline--3\" style=\"font-style:normal;font-weight:600\"><a class=\"wp-block-button__link wp-element-button\" href=\"https:\/\/mmotion.si\/index.php\/contact\/\" style=\"border-radius:0px\">KONTAKT<\/a><\/div>\n<\/div>\n<\/div>\n<\/div>\n<\/div>\n<\/div>\n\n\n\n<p><\/p>\n","protected":false},"excerpt":{"rendered":"<p>Sem Manca Milar, diplomirana fizioterapevtka z izku\u0161njami na podro\u010dju nevrofizioterapije. Izvajam obravnave oseb po mo\u017eganski kapi, z diagnozo multiple skleroze, Parkinsonove bolezni in polinevropatije. Poleg tega se ukvarjam tudi z manualno terapijo, kot pomo\u010d pri bole\u010dinskih stanjih. STORITVE Spremljajte na\u0161e objave z uporabnimi informacijami o pogostih stanjih in te\u017eavah. V okviru na\u0161ih storitev nudimo fleksibilen &hellip; <\/p>\n<p class=\"link-more\"><a href=\"https:\/\/mmotion.si\/\" class=\"more-link\">Read more<span class=\"screen-reader-text\"> &#8220;Domov&#8221;<\/span><\/a><\/p>\n","protected":false},"author":1,"featured_media":0,"parent":0,"menu_order":0,"comment_status":"closed","ping_status":"closed","template":"page-templates\/homepage-no-hero.php","meta":{"inspiro_hide_title":false,"footnotes":""},"class_list":["post-6922","page","type-page","status-publish","hentry"],"aioseo_notices":[],"_links":{"self":[{"href":"https:\/\/mmotion.si\/index.php\/wp-json\/wp\/v2\/pages\/6922","targetHints":{"allow":["GET"]}}],"collection":[{"href":"https:\/\/mmotion.si\/index.php\/wp-json\/wp\/v2\/pages"}],"about":[{"href":"https:\/\/mmotion.si\/index.php\/wp-json\/wp\/v2\/types\/page"}],"author":[{"embeddable":true,"href":"https:\/\/mmotion.si\/index.php\/wp-json\/wp\/v2\/users\/1"}],"replies":[{"embeddable":true,"href":"https:\/\/mmotion.si\/index.php\/wp-json\/wp\/v2\/comments?post=6922"}],"version-history":[{"count":10,"href":"https:\/\/mmotion.si\/index.php\/wp-json\/wp\/v2\/pages\/6922\/revisions"}],"predecessor-version":[{"id":7048,"href":"https:\/\/mmotion.si\/index.php\/wp-json\/wp\/v2\/pages\/6922\/revisions\/7048"}],"wp:attachment":[{"href":"https:\/\/mmotion.si\/index.php\/wp-json\/wp\/v2\/media?parent=6922"}],"curies":[{"name":"wp","href":"https:\/\/api.w.org\/{rel}","templated":true}]}}